{"id":10,"date":"2018-10-04T00:34:07","date_gmt":"2018-10-03T22:34:07","guid":{"rendered":"https:\/\/www.bobteam-friedrich.de\/shop\/datenschutzbelehrung\/"},"modified":"2025-01-07T10:19:08","modified_gmt":"2025-01-07T09:19:08","slug":"datenschutzerklaerung-2","status":"publish","type":"page","link":"https:\/\/www.bobteam-friedrich.de\/shop\/datenschutzerklaerung-2\/","title":{"rendered":"Datenschutzerkl\u00e4rung"},"content":{"rendered":"<p>Verantwortliche Stelle im Sinne der Datenschutzgesetze, insbesondere der EU-Datenschutzgrundverordnung (DSGVO), ist:<\/p>\n<p>Francesco Friedrich<br \/>\nc\/o Boballianz Sachsen<br \/>\nHauptstra\u00dfe 9<br \/>\n01796 Pirna<\/p>\n<h2 class=\"fusion-responsive-typography-calculated\" data-fontsize=\"35\" data-lineheight=\"42.349998px\">Ihre Betroffenenrechte<\/h2>\n<p>Unter den angegebenen Kontaktdaten unseres Datenschutzbeauftragten k\u00f6nnen Sie jederzeit folgende Rechte aus\u00fcben:<\/p>\n<ul>\n<li>Auskunft \u00fcber Ihre bei uns gespeicherten Daten und deren Verarbeitung (Art. 15 DSGVO),<\/li>\n<li>Berichtigung unrichtiger personenbezogener Daten (Art. 16 DSGVO),<\/li>\n<li>L\u00f6schung Ihrer bei uns gespeicherten Daten (Art. 17 DSGVO),<\/li>\n<li>Einschr\u00e4nkung der Datenverarbeitung, sofern wir Ihre Daten aufgrund gesetzlicher Pflichten noch nicht l\u00f6schen d\u00fcrfen (Art. 18 DSGVO),<\/li>\n<li>Widerspruch gegen die Verarbeitung Ihrer Daten bei uns (Art. 21 DSGVO) und<\/li>\n<li>Daten\u00fcbertragbarkeit, sofern Sie in die Datenverarbeitung eingewilligt haben oder einen Vertrag mit uns abgeschlossen haben (Art. 20 DSGVO).<\/li>\n<\/ul>\n<p>Sofern Sie uns eine Einwilligung erteilt haben, k\u00f6nnen Sie diese jederzeit mit Wirkung f\u00fcr die Zukunft widerrufen.<\/p>\n<p>Sie k\u00f6nnen sich jederzeit mit einer Beschwerde an eine Aufsichtsbeh\u00f6rde wenden, z. B. an die zust\u00e4ndige Aufsichtsbeh\u00f6rde des Bundeslands Ihres Wohnsitzes oder an die f\u00fcr uns als verantwortliche Stelle zust\u00e4ndige Beh\u00f6rde.<\/p>\n<p>Eine Liste der Aufsichtsbeh\u00f6rden (f\u00fcr den nicht\u00f6ffentlichen Bereich) mit Anschrift finden Sie unter: <a href=\"https:\/\/www.bfdi.bund.de\/DE\/Service\/Anschriften\/Laender\/Laender-node.html\" target=\"_blank\" rel=\"noopener nofollow\">https:\/\/www.bfdi.bund.de\/DE\/Service\/Anschriften\/Laender\/Laender-node.html<\/a>.<\/p>\n<h2 class=\"fusion-responsive-typography-calculated\" data-fontsize=\"35\" data-lineheight=\"42.349998px\">Erfassung allgemeiner Informationen beim Besuch unserer Website<\/h2>\n<h3 class=\"fusion-responsive-typography-calculated\" data-fontsize=\"22\" data-lineheight=\"29.92px\">Art und Zweck der Verarbeitung:<\/h3>\n<p>Wenn Sie auf unsere Website zugreifen, d.h., wenn Sie sich nicht registrieren oder anderweitig Informationen \u00fcbermitteln, werden automatisch Informationen allgemeiner Natur erfasst. Diese Informationen (Server-Logfiles) beinhalten etwa die Art des Webbrowsers, das verwendete Betriebssystem, den Domainnamen Ihres Internet-Service-Providers, Ihre IP-Adresse und \u00e4hnliches.<\/p>\n<p>Sie werden insbesondere zu folgenden Zwecken verarbeitet:<\/p>\n<ul>\n<li>Sicherstellung eines problemlosen Verbindungsaufbaus der Website,<\/li>\n<li>Sicherstellung einer reibungslosen Nutzung unserer Website,<\/li>\n<li>Auswertung der Systemsicherheit und -stabilit\u00e4t sowie<\/li>\n<li>zur Optimierung unserer Website.<\/li>\n<\/ul>\n<p>Wir verwenden Ihre Daten nicht, um R\u00fcckschl\u00fcsse auf Ihre Person zu ziehen. Informationen dieser Art werden von uns ggfs. anonymisiert statistisch ausgewertet, um unseren Internetauftritt und die dahinterstehende Technik zu optimieren.<\/p>\n<h3 class=\"fusion-responsive-typography-calculated\" data-fontsize=\"22\" data-lineheight=\"29.92px\">Rechtsgrundlage und berechtigtes Interesse:<\/h3>\n<p>Die Verarbeitung erfolgt gem\u00e4\u00df Art. 6 Abs. 1 lit. f DSGVO auf Basis unseres berechtigten Interesses an der Verbesserung der Stabilit\u00e4t und Funktionalit\u00e4t unserer Website.<\/p>\n<h3 class=\"fusion-responsive-typography-calculated\" data-fontsize=\"22\" data-lineheight=\"29.92px\">Empf\u00e4nger:<\/h3>\n<p>Empf\u00e4nger der Daten sind ggf. technische Dienstleister, die f\u00fcr den Betrieb und die Wartung unserer Webseite als Auftragsverarbeiter t\u00e4tig werden.<\/p>\n<h3 class=\"fusion-responsive-typography-calculated\" data-fontsize=\"22\" data-lineheight=\"29.92px\">Speicherdauer:<\/h3>\n<p>Die Daten werden gel\u00f6scht, sobald diese f\u00fcr den Zweck der Erhebung nicht mehr erforderlich sind. Dies ist f\u00fcr die Daten, die der Bereitstellung der Website dienen, grunds\u00e4tzlich der Fall, wenn die jeweilige Sitzung beendet ist.<\/p>\n<p>Im Falle der Speicherung der Daten in Logfiles ist dies nach sp\u00e4testens 14 Tagen der Fall. Eine dar\u00fcberhinausgehende Speicherung ist m\u00f6glich. In diesem Fall werden die IP-Adressen der Nutzer anonymisiert, sodass eine Zuordnung des aufrufenden Clients nicht mehr m\u00f6glich ist.<\/p>\n<h3 class=\"fusion-responsive-typography-calculated\" data-fontsize=\"22\" data-lineheight=\"29.92px\">Bereitstellung vorgeschrieben oder erforderlich:<\/h3>\n<p>Die Bereitstellung der vorgenannten personenbezogenen Daten ist weder gesetzlich noch vertraglich vorgeschrieben. Ohne die IP-Adresse ist jedoch der Dienst und die Funktionsf\u00e4higkeit unserer Website nicht gew\u00e4hrleistet. Zudem k\u00f6nnen einzelne Dienste und Services nicht verf\u00fcgbar oder eingeschr\u00e4nkt sein. Aus diesem Grund ist ein Widerspruch ausgeschlossen.<\/p>\n<h2 class=\"fusion-responsive-typography-calculated\" data-fontsize=\"35\" data-lineheight=\"42.349998px\">Technisch nicht notwendige Cookies<\/h2>\n<p>Des Weiteren setzen wir Cookies ein, um das Angebot auf unserer Website besser auf die Interessen unserer Besucher abzustimmen oder auf Basis statistischer Auswertungen allgemein zu verbessern.<\/p>\n<p>Welche Anbieter Cookies setzen, entnehmen Sie bitte den unten aufgef\u00fchrten Informationen zu den eingesetzten Darstellungs-, Tracking-, Remarketing- und Webanalyse-Technologien.<\/p>\n<h3 class=\"fusion-responsive-typography-calculated\" data-fontsize=\"22\" data-lineheight=\"29.92px\">Rechtsgrundlage:<\/h3>\n<p>Rechtsgrundlage f\u00fcr diese Verarbeitungen ist jeweils Ihre Einwilligung, Art. 6 Abs. 1 lit. a DSGVO.<\/p>\n<h3 class=\"fusion-responsive-typography-calculated\" data-fontsize=\"22\" data-lineheight=\"29.92px\">Empf\u00e4nger:<\/h3>\n<p>Empf\u00e4nger der Daten sind ggf. technische Dienstleister, die f\u00fcr den Betrieb und die Wartung unserer Website als Auftragsverarbeiter t\u00e4tig werden.<\/p>\n<p>Weitere Empf\u00e4nger entnehmen Sie bitte den unten aufgef\u00fchrten Informationen zu den eingesetzten Darstellungs-, Tracking-, Remarketing- und Webanalyse-Technologien.<\/p>\n<h3 class=\"fusion-responsive-typography-calculated\" data-fontsize=\"22\" data-lineheight=\"29.92px\">Drittlandtransfer:<\/h3>\n<p>Informationen hierzu entnehmen Sie bitte aus den Auflistungen der einzelnen Darstellungs-, Tracking-, Remarketing- und Webanalyse-Anbietern.<\/p>\n<h3 class=\"fusion-responsive-typography-calculated\" data-fontsize=\"22\" data-lineheight=\"29.92px\">Bereitstellung vorgeschrieben oder erforderlich:<\/h3>\n<p>Nat\u00fcrlich k\u00f6nnen Sie unsere Website grunds\u00e4tzlich auch ohne Cookies betrachten. Webbrowser sind regelm\u00e4\u00dfig so eingestellt, dass sie Cookies akzeptieren. Im Allgemeinen k\u00f6nnen Sie die Verwendung von Cookies jederzeit \u00fcber die Einstellungen Ihres Browsers deaktivieren (siehe Widerruf der Einwilligung).<\/p>\n<p>Bitte beachten Sie, dass einzelne Funktionen unserer Website m\u00f6glicherweise nicht funktionieren, wenn Sie die Verwendung von Cookies deaktiviert haben.<\/p>\n<h3 class=\"fusion-responsive-typography-calculated\" data-fontsize=\"22\" data-lineheight=\"29.92px\">Widerruf der Einwilligung:<\/h3>\n<p>Sie k\u00f6nnen Ihre Einwilligung jederzeit \u00fcber unser Cookie-Consent-Tool widerrufen.<\/p>\n<h3 class=\"fusion-responsive-typography-calculated\" data-fontsize=\"22\" data-lineheight=\"29.92px\">Profiling:<\/h3>\n<p>Inwiefern wir das Verhalten von Websitebesuchern mit pseudonymisierten Nutzerprofilen analysieren, entnehmen Sie bitte den unten aufgef\u00fchrten Informationen zu den eingesetzten Darstellungs-, Tracking-, Remarketing- und Webanalyse-Technologien.<\/p>\n<h2 class=\"fusion-responsive-typography-calculated\" data-fontsize=\"35\" data-lineheight=\"42.349998px\">Registrierung auf unserer Website<\/h2>\n<h3 class=\"fusion-responsive-typography-calculated\" data-fontsize=\"22\" data-lineheight=\"29.92px\">Art und Zweck der Verarbeitung:<\/h3>\n<p>F\u00fcr die Registrierung auf unserer Website ben\u00f6tigen wir einige personenbezogene Daten, die \u00fcber eine Eingabemaske an uns \u00fcbermittelt werden.<\/p>\n<p>Zum Zeitpunkt der Registrierung werden zus\u00e4tzlich folgende Daten erhoben:<\/p>\n<p>IP-Adresse, Zeitstempel<\/p>\n<p>Ihre Registrierung ist f\u00fcr das Bereithalten bestimmter Inhalte und Leistungen auf unserer Website erforderlich.<\/p>\n<h3 class=\"fusion-responsive-typography-calculated\" data-fontsize=\"22\" data-lineheight=\"29.92px\">Rechtsgrundlage:<\/h3>\n<p>Die Verarbeitung der bei der Registrierung eingegebenen Daten erfolgt auf Grundlage einer Einwilligung des Nutzers (Art. 6 Abs. 1 lit. a DSGVO).<\/p>\n<h3 class=\"fusion-responsive-typography-calculated\" data-fontsize=\"22\" data-lineheight=\"29.92px\">Empf\u00e4nger:<\/h3>\n<p>Empf\u00e4nger der Daten sind ggf. technische Dienstleister, die f\u00fcr den Betrieb und die Wartung unserer Website als Auftragsverarbeiter t\u00e4tig werden.<\/p>\n<h3 class=\"fusion-responsive-typography-calculated\" data-fontsize=\"22\" data-lineheight=\"29.92px\">Speicherdauer:<\/h3>\n<p>Daten werden in diesem Zusammenhang nur verarbeitet, solange die entsprechende Einwilligung vorliegt.<\/p>\n<h3 class=\"fusion-responsive-typography-calculated\" data-fontsize=\"22\" data-lineheight=\"29.92px\">Bereitstellung vorgeschrieben oder erforderlich:<\/h3>\n<p>Die Bereitstellung Ihrer personenbezogenen Daten erfolgt freiwillig, allein auf Basis Ihrer Einwilligung. Ohne die Bereitstellung Ihrer personenbezogenen Daten k\u00f6nnen wir Ihnen keinen Zugang auf unsere angebotenen Inhalte gew\u00e4hren.<\/p>\n<h2 class=\"fusion-responsive-typography-calculated\" data-fontsize=\"35\" data-lineheight=\"42.349998px\">Erbringung kostenpflichtiger Leistungen<\/h2>\n<h3 class=\"fusion-responsive-typography-calculated\" data-fontsize=\"22\" data-lineheight=\"29.92px\">Art und Zweck der Verarbeitung:<\/h3>\n<p>Zur Erbringung kostenpflichtiger Leistungen werden von uns zus\u00e4tzliche Daten erfragt, wie z.B. Zahlungsangaben, um Ihre Bestellung ausf\u00fchren zu k\u00f6nnen.<\/p>\n<h3 class=\"fusion-responsive-typography-calculated\" data-fontsize=\"22\" data-lineheight=\"29.92px\">Rechtsgrundlage:<\/h3>\n<p>Die Verarbeitung der Daten, die f\u00fcr den Abschluss des Vertrages erforderlich ist, basiert auf Art. 6 Abs. 1 lit. b DSGVO.<\/p>\n<h3 class=\"fusion-responsive-typography-calculated\" data-fontsize=\"22\" data-lineheight=\"29.92px\">Empf\u00e4nger:<\/h3>\n<p>Empf\u00e4nger der Daten sind ggf. Auftragsverarbeiter.<\/p>\n<h3 class=\"fusion-responsive-typography-calculated\" data-fontsize=\"22\" data-lineheight=\"29.92px\">Speicherdauer:<\/h3>\n<p>Wir speichern diese Daten in unseren Systemen bis die gesetzlichen Aufbewahrungsfristen abgelaufen sind. Diese betragen grunds\u00e4tzlich 6 oder 10 Jahre aus Gr\u00fcnden der ordnungsm\u00e4\u00dfigen Buchf\u00fchrung und steuerrechtlichen Anforderungen.<\/p>\n<h3 class=\"fusion-responsive-typography-calculated\" data-fontsize=\"22\" data-lineheight=\"29.92px\">Bereitstellung vorgeschrieben oder erforderlich:<\/h3>\n<p>Die Bereitstellung Ihrer personenbezogenen Daten erfolgt freiwillig. Ohne die Bereitstellung Ihrer personenbezogenen Daten k\u00f6nnen wir Ihnen keinen Zugang auf unsere angebotenen Inhalte und Leistungen gew\u00e4hren.<\/p>\n<h2 class=\"fusion-responsive-typography-calculated\" data-fontsize=\"35\" data-lineheight=\"42.349998px\">Kontaktformular<\/h2>\n<h3 class=\"fusion-responsive-typography-calculated\" data-fontsize=\"22\" data-lineheight=\"29.92px\">Art und Zweck der Verarbeitung:<\/h3>\n<p>Die von Ihnen eingegebenen Daten werden zum Zweck der individuellen Kommunikation mit Ihnen gespeichert. Hierf\u00fcr ist die Angabe einer validen E-Mail-Adresse sowie Ihres Namens erforderlich. Diese dient der Zuordnung der Anfrage und der anschlie\u00dfenden Beantwortung derselben. Die Angabe weiterer Daten ist optional.<\/p>\n<h3 class=\"fusion-responsive-typography-calculated\" data-fontsize=\"22\" data-lineheight=\"29.92px\">Rechtsgrundlage:<\/h3>\n<p>Die Verarbeitung der in das Kontaktformular eingegebenen Daten erfolgt auf der Grundlage eines berechtigten Interesses (Art. 6 Abs. 1 lit. f DSGVO).<\/p>\n<p>Durch Bereitstellung des Kontaktformulars m\u00f6chten wir Ihnen eine unkomplizierte Kontaktaufnahme erm\u00f6glichen. Ihre gemachten Angaben werden zum Zwecke der Bearbeitung der Anfrage sowie f\u00fcr m\u00f6gliche Anschlussfragen gespeichert.<\/p>\n<p>Sofern Sie mit uns Kontakt aufnehmen, um ein Angebot zu erfragen, erfolgt die Verarbeitung der in das Kontaktformular eingegebenen Daten zur Durchf\u00fchrung vorvertraglicher Ma\u00dfnahmen (Art. 6 Abs. 1 lit. b DSGVO).<\/p>\n<h3 class=\"fusion-responsive-typography-calculated\" data-fontsize=\"22\" data-lineheight=\"29.92px\">Empf\u00e4nger:<\/h3>\n<p>Empf\u00e4nger der Daten sind ggf. Auftragsverarbeiter.<\/p>\n<h3 class=\"fusion-responsive-typography-calculated\" data-fontsize=\"22\" data-lineheight=\"29.92px\">Speicherdauer:<\/h3>\n<p>Daten werden sp\u00e4testens 6 Monate nach Bearbeitung der Anfrage gel\u00f6scht.<\/p>\n<p>Sofern es zu einem Vertragsverh\u00e4ltnis kommt, unterliegen wir den gesetzlichen Aufbewahrungsfristen nach HGB und l\u00f6schen Ihre Daten nach Ablauf dieser Fristen.<\/p>\n<h3 class=\"fusion-responsive-typography-calculated\" data-fontsize=\"22\" data-lineheight=\"29.92px\">Bereitstellung vorgeschrieben oder erforderlich:<\/h3>\n<p>Die Bereitstellung Ihrer personenbezogenen Daten erfolgt freiwillig. Wir k\u00f6nnen Ihre Anfrage jedoch nur bearbeiten, sofern Sie uns Ihren Namen, Ihre E-Mail-Adresse und den Grund der Anfrage mitteilen.<\/p>\n<h2 class=\"fusion-responsive-typography-calculated\" data-fontsize=\"35\" data-lineheight=\"42.349998px\">SSL-Verschl\u00fcsselung<\/h2>\n<p>Um die Sicherheit Ihrer Daten bei der \u00dcbertragung zu sch\u00fctzen, verwenden wir dem aktuellen Stand der Technik entsprechende Verschl\u00fcsselungsverfahren (z. B. SSL) \u00fcber HTTPS.<\/p>\n<hr \/>\n<h2 class=\"fusion-responsive-typography-calculated\" data-fontsize=\"35\" data-lineheight=\"42.349998px\">Information \u00fcber Ihr Widerspruchsrecht nach Art. 21 DSGVO<\/h2>\n<h3 class=\"fusion-responsive-typography-calculated\" data-fontsize=\"22\" data-lineheight=\"29.92px\">Einzelfallbezogenes Widerspruchsrecht<\/h3>\n<p>Sie haben das Recht, aus Gr\u00fcnden, die sich aus Ihrer besonderen Situation ergeben, jederzeit gegen die Verarbeitung Sie betreffender personenbezogener Daten, die aufgrund Art. 6 Abs. 1 lit. f DSGVO (Datenverarbeitung auf der Grundlage einer Interessenabw\u00e4gung) erfolgt, Widerspruch einzulegen; dies gilt auch f\u00fcr ein auf diese Bestimmung gest\u00fctztes Profiling im Sinne von Art. 4 Nr. 4 DSGVO.<\/p>\n<p>Legen Sie Widerspruch ein, werden wir Ihre personenbezogenen Daten nicht mehr verarbeiten, es sei denn, wir k\u00f6nnen zwingende schutzw\u00fcrdige Gr\u00fcnde f\u00fcr die Verarbeitung nachweisen, die Ihre Interessen, Rechte und Freiheiten \u00fcberwiegen, oder die Verarbeitung dient der Geltendmachung, Aus\u00fcbung oder Verteidigung von Rechtsanspr\u00fcchen.<\/p>\n<h3 class=\"fusion-responsive-typography-calculated\" data-fontsize=\"22\" data-lineheight=\"29.92px\">Empf\u00e4nger eines Widerspruchs<\/h3>\n<p>Francesco Friedrich<br \/>\nc\/o Boballianz Sachsen<br \/>\nHauptstra\u00dfe 9<br \/>\n01796 Pirna<\/p>\n<hr \/>\n<h2 class=\"fusion-responsive-typography-calculated\" data-fontsize=\"35\" data-lineheight=\"42.349998px\">\u00c4nderung unserer Datenschutzbestimmungen<\/h2>\n<p>Wir behalten uns vor, diese Datenschutzerkl\u00e4rung anzupassen, damit sie stets den aktuellen rechtlichen Anforderungen entspricht oder um \u00c4nderungen unserer Leistungen in der Datenschutzerkl\u00e4rung umzusetzen, z.B. bei der Einf\u00fchrung neuer Services. F\u00fcr Ihren erneuten Besuch gilt dann die neue Datenschutzerkl\u00e4rung.<\/p>\n<p>&nbsp;<\/p>\n<p><em>Die Datenschutzerkl\u00e4rung wurde mithilfe der activeMind AG erstellt, den Experten f\u00fcr <a href=\"https:\/\/www.activemind.de\/datenschutz\/datenschutzbeauftragter\/\" target=\"_blank\" rel=\"noopener\">externe Datenschutzbeauftragte<\/a>(Version #2020-09-30).<\/em><\/p>\n","protected":false},"excerpt":{"rendered":"<p>Verantwortliche Stelle im Sinne der Datenschutzgesetze, insbesondere der EU-Datenschutzgrundverordnung (DSGVO), ist: Francesco Friedrich c\/o Boballianz Sachsen Hauptstra\u00dfe 9 01796 Pirna Ihre Betroffenenrechte Unter den angegebenen Kontaktdaten unseres Datenschutzbeauftragten k\u00f6nnen Sie jederzeit folgende Rechte aus\u00fcben: Auskunft \u00fcber Ihre bei uns gespeicherten Daten und deren Verarbeitung (Art. 15 DSGVO), Berichtigung unrichtiger personenbezogener Daten (Art. 16 DSGVO), L\u00f6schung [&hellip;]<\/p>\n","protected":false},"author":1,"featured_media":0,"parent":0,"menu_order":0,"comment_status":"closed","ping_status":"closed","template":"","meta":{"_acf_changed":false,"footnotes":""},"class_list":["post-10","page","type-page","status-publish","hentry"],"acf":[],"_links":{"self":[{"href":"https:\/\/www.bobteam-friedrich.de\/shop\/wp-json\/wp\/v2\/pages\/10","targetHints":{"allow":["GET"]}}],"collection":[{"href":"https:\/\/www.bobteam-friedrich.de\/shop\/wp-json\/wp\/v2\/pages"}],"about":[{"href":"https:\/\/www.bobteam-friedrich.de\/shop\/wp-json\/wp\/v2\/types\/page"}],"author":[{"embeddable":true,"href":"https:\/\/www.bobteam-friedrich.de\/shop\/wp-json\/wp\/v2\/users\/1"}],"replies":[{"embeddable":true,"href":"https:\/\/www.bobteam-friedrich.de\/shop\/wp-json\/wp\/v2\/comments?post=10"}],"version-history":[{"count":9,"href":"https:\/\/www.bobteam-friedrich.de\/shop\/wp-json\/wp\/v2\/pages\/10\/revisions"}],"predecessor-version":[{"id":3284,"href":"https:\/\/www.bobteam-friedrich.de\/shop\/wp-json\/wp\/v2\/pages\/10\/revisions\/3284"}],"wp:attachment":[{"href":"https:\/\/www.bobteam-friedrich.de\/shop\/wp-json\/wp\/v2\/media?parent=10"}],"curies":[{"name":"wp","href":"https:\/\/api.w.org\/{rel}","templated":true}]}}